{"id":14425,"date":"2020-10-26T19:59:01","date_gmt":"2020-10-26T18:59:01","guid":{"rendered":"https:\/\/www.hollauf.at\/uschi\/versandarten\/"},"modified":"2020-11-01T18:31:45","modified_gmt":"2020-11-01T17:31:45","slug":"versand_lieferung","status":"publish","type":"page","link":"https:\/\/www.hollauf.at\/uschi\/versand_lieferung\/","title":{"rendered":"Versand und Lieferung"},"content":{"rendered":"<div class=\"fusion-fullwidth fullwidth-box fusion-builder-row-1 fusion-flex-container nonhundred-percent-fullwidth non-hundred-percent-height-scrolling\" style=\"--awb-border-radius-top-left:0px;--awb-border-radius-top-right:0px;--awb-border-radius-bottom-right:0px;--awb-border-radius-bottom-left:0px;--awb-flex-wrap:wrap;\" ><div class=\"fusion-builder-row fusion-row fusion-flex-align-items-flex-start fusion-flex-content-wrap\" style=\"max-width:1996.8px;margin-left: calc(-4% \/ 2 );margin-right: calc(-4% \/ 2 );\"><div class=\"fusion-layout-column fusion_builder_column fusion-builder-column-0 fusion_builder_column_1_5 1_5 fusion-flex-column\" style=\"--awb-bg-size:cover;--awb-width-large:20%;--awb-margin-top-large:0px;--awb-spacing-right-large:9.6%;--awb-margin-bottom-large:20px;--awb-spacing-left-large:9.6%;--awb-width-medium:100%;--awb-order-medium:0;--awb-spacing-right-medium:1.92%;--awb-spacing-left-medium:1.92%;--awb-width-small:100%;--awb-order-small:0;--awb-spacing-right-small:1.92%;--awb-spacing-left-small:1.92%;\"><div class=\"fusion-column-wrapper fusion-column-has-shadow fusion-flex-justify-content-flex-start fusion-content-layout-column\"><\/div><\/div><div class=\"fusion-layout-column fusion_builder_column fusion-builder-column-1 fusion_builder_column_3_5 3_5 fusion-flex-column\" style=\"--awb-bg-size:cover;--awb-width-large:60%;--awb-margin-top-large:0px;--awb-spacing-right-large:3.2%;--awb-margin-bottom-large:20px;--awb-spacing-left-large:3.2%;--awb-width-medium:100%;--awb-order-medium:0;--awb-spacing-right-medium:1.92%;--awb-spacing-left-medium:1.92%;--awb-width-small:100%;--awb-order-small:0;--awb-spacing-right-small:1.92%;--awb-spacing-left-small:1.92%;\"><div class=\"fusion-column-wrapper fusion-column-has-shadow fusion-flex-justify-content-flex-start fusion-content-layout-column\"><div class=\"fusion-text fusion-text-1\"><h4>Versandkosten Innerhalb \u00d6sterreichs<\/h4>\n<p>F\u00fcr Bestellungen innerhalb \u00d6sterreichs fallen Versandkosten in der H\u00f6he von EUR 3,50 pro Bestellung an.<\/p>\n<h4>Lieferung in \u00d6sterreich<\/h4>\n<p>Lieferung durch die \u00d6sterreichische Post.<br \/>\nDie voraussichtliche Versanddauer liegt bei 3 bis 5 Werktagen.<\/p>\n<h4>Lieferung ins Ausland<\/h4>\n<p>Lieferungen ins Ausland sind derzeit nicht m\u00f6glich. Es werden lediglich Bestellungen an eine in \u00d6sterreich befindliche Adresse geliefert.<\/p>\n<\/div><\/div><\/div><div class=\"fusion-layout-column fusion_builder_column fusion-builder-column-2 fusion_builder_column_1_5 1_5 fusion-flex-column\" style=\"--awb-bg-size:cover;--awb-width-large:20%;--awb-margin-top-large:0px;--awb-spacing-right-large:9.6%;--awb-margin-bottom-large:20px;--awb-spacing-left-large:9.6%;--awb-width-medium:100%;--awb-order-medium:0;--awb-spacing-right-medium:1.92%;--awb-spacing-left-medium:1.92%;--awb-width-small:100%;--awb-order-small:0;--awb-spacing-right-small:1.92%;--awb-spacing-left-small:1.92%;\"><div class=\"fusion-column-wrapper fusion-column-has-shadow fusion-flex-justify-content-flex-start fusion-content-layout-column\"><\/div><\/div><\/div><\/div>\n","protected":false},"excerpt":{"rendered":"","protected":false},"author":1,"featured_media":0,"parent":0,"menu_order":0,"comment_status":"closed","ping_status":"closed","template":"","meta":{"footnotes":""},"class_list":["post-14425","page","type-page","status-publish","hentry"],"jetpack_sharing_enabled":true,"_links":{"self":[{"href":"https:\/\/www.hollauf.at\/uschi\/wp-json\/wp\/v2\/pages\/14425","targetHints":{"allow":["GET"]}}],"collection":[{"href":"https:\/\/www.hollauf.at\/uschi\/wp-json\/wp\/v2\/pages"}],"about":[{"href":"https:\/\/www.hollauf.at\/uschi\/wp-json\/wp\/v2\/types\/page"}],"author":[{"embeddable":true,"href":"https:\/\/www.hollauf.at\/uschi\/wp-json\/wp\/v2\/users\/1"}],"replies":[{"embeddable":true,"href":"https:\/\/www.hollauf.at\/uschi\/wp-json\/wp\/v2\/comments?post=14425"}],"version-history":[{"count":6,"href":"https:\/\/www.hollauf.at\/uschi\/wp-json\/wp\/v2\/pages\/14425\/revisions"}],"predecessor-version":[{"id":14499,"href":"https:\/\/www.hollauf.at\/uschi\/wp-json\/wp\/v2\/pages\/14425\/revisions\/14499"}],"wp:attachment":[{"href":"https:\/\/www.hollauf.at\/uschi\/wp-json\/wp\/v2\/media?parent=14425"}],"curies":[{"name":"wp","href":"https:\/\/api.w.org\/{rel}","templated":true}]}}